{"id":334,"date":"2023-01-02T04:04:38","date_gmt":"2023-01-02T04:04:38","guid":{"rendered":"https:\/\/www.assurance21.com\/nex\/?page_id=334"},"modified":"2023-01-03T06:27:43","modified_gmt":"2023-01-03T06:27:43","slug":"home","status":"publish","type":"page","link":"https:\/\/assurance21.com\/nex\/","title":{"rendered":"home"},"content":{"rendered":"<p>[et_pb_section fb_built=\u00a0\u00bb1&Prime; _builder_version=\u00a0\u00bb4.19.4&Prime; _module_preset=\u00a0\u00bb51ae0e4d-43c2-40e9-aa74-9dac0030c6a0&Prime; background_color=\u00a0\u00bb#772570&Prime; background_image=\u00a0\u00bbhttps:\/\/assurance21.com\/nex\/nex\/wp-content\/uploads\/2023\/01\/assurance-1.jpg\u00a0\u00bb background_enable_mask_style=\u00a0\u00bbon\u00a0\u00bb background_mask_style=\u00a0\u00bbarch\u00a0\u00bb background_mask_color=\u00a0\u00bb#182d33&Prime; background_mask_aspect_ratio=\u00a0\u00bbsquare\u00a0\u00bb background_mask_size=\u00a0\u00bbcustom\u00a0\u00bb background_mask_width=\u00a0\u00bb100%\u00a0\u00bb background_mask_height=\u00a0\u00bb100%\u00a0\u00bb custom_padding=\u00a0\u00bb24px||141px|||\u00a0\u00bb background_color_phone=\u00a0\u00bb#182d33&Prime; background_last_edited=\u00a0\u00bbon|phone\u00a0\u00bb background_enable_color_phone=\u00a0\u00bbon\u00a0\u00bb background_enable_image_phone=\u00a0\u00bboff\u00a0\u00bb background_enable_mask_style_phone=\u00a0\u00bboff\u00a0\u00bb saved_tabs=\u00a0\u00bball\u00a0\u00bb global_colors_info=\u00a0\u00bb%91%93&Prime;][et_pb_row use_custom_gutter=\u00a0\u00bbon\u00a0\u00bb _builder_version=\u00a0\u00bb4.19.4&Prime; _module_preset=\u00a0\u00bbdefault\u00a0\u00bb max_width=\u00a0\u00bb1320px\u00a0\u00bb custom_padding=\u00a0\u00bb0px||5px|||\u00a0\u00bb global_colors_info=\u00a0\u00bb{}\u00a0\u00bb][et_pb_column type=\u00a0\u00bb4_4&Prime; _builder_version=\u00a0\u00bb4.17.3&Prime; _module_preset=\u00a0\u00bbdefault\u00a0\u00bb global_colors_info=\u00a0\u00bb{}\u00a0\u00bb][et_pb_text _builder_version=\u00a0\u00bb4.19.4&Prime; _module_preset=\u00a0\u00bb476db598-b402-4e78-a61b-34fdfa099f7d\u00a0\u00bb text_font=\u00a0\u00bbPoppins|300|||||||\u00a0\u00bb text_text_color=\u00a0\u00bb#FFFFFF\u00a0\u00bb text_font_size=\u00a0\u00bb17px\u00a0\u00bb text_line_height=\u00a0\u00bb1.9em\u00a0\u00bb link_font=\u00a0\u00bbPoppins|700|||on||||\u00a0\u00bb link_text_color=\u00a0\u00bb#FFFFFF\u00a0\u00bb header_font=\u00a0\u00bbPoppins|700|||||||\u00a0\u00bb header_text_color=\u00a0\u00bb#FFFFFF\u00a0\u00bb header_font_size=\u00a0\u00bb2.5rem\u00a0\u00bb header_line_height=\u00a0\u00bb1.3em\u00a0\u00bb max_width=\u00a0\u00bb64%\u00a0\u00bb max_width_tablet=\u00a0\u00bb64%\u00a0\u00bb max_width_phone=\u00a0\u00bb100%\u00a0\u00bb max_width_last_edited=\u00a0\u00bbon|phone\u00a0\u00bb module_alignment=\u00a0\u00bbleft\u00a0\u00bb custom_padding=\u00a0\u00bb72px|139px||||\u00a0\u00bb module_alignment_tablet=\u00a0\u00bbleft\u00a0\u00bb module_alignment_phone=\u00a0\u00bbleft\u00a0\u00bb module_alignment_last_edited=\u00a0\u00bbon|phone\u00a0\u00bb global_colors_info=\u00a0\u00bb%91%93&Prime;]<\/p>\n<h1><span itemprop=\"articleSection\">Comparer en 2 minutes<span>\u00a0<\/span><strong>50 devis d&rsquo;assurance<\/strong><\/span><\/h1>\n<p>Pour etre bien inform\u00e9 sur le remboursement de la s\u00e9curit\u00e9 sociale et des mutuelles<\/p>\n<p style=\"text-align: justify;\">Vous \u00eates probablement dans le m\u00eame cas que tout le monde, vous ne savez pas comment la s\u00e9curit\u00e9 sociale rembourse.<br \/>Pourquoi les tarifs des m\u00e9decins sont tous diff\u00e9rents. Mais si, il y a une explication.<\/p>\n<p style=\"text-align: justify;\">[\/et_pb_text][et_pb_button button_text=\u00a0\u00bbJe compare les offres\u00a0\u00bb _builder_version=\u00a0\u00bb4.19.4&Prime; _module_preset=\u00a0\u00bbdefault\u00a0\u00bb custom_button=\u00a0\u00bbon\u00a0\u00bb button_text_size=\u00a0\u00bb26px\u00a0\u00bb button_text_color=\u00a0\u00bb#FFFFFF\u00a0\u00bb button_bg_color=\u00a0\u00bb#772570&Prime; button_border_color=\u00a0\u00bbRGBA(255,255,255,0)\u00a0\u00bb button_border_radius=\u00a0\u00bb13px\u00a0\u00bb button_font=\u00a0\u00bbPoppins|600|||||||\u00a0\u00bb hover_enabled=\u00a0\u00bb0&Prime; global_colors_info=\u00a0\u00bb{}\u00a0\u00bb button_url=\u00a0\u00bbhttps:\/\/www.assurance21.com\/\u00a0\u00bb sticky_enabled=\u00a0\u00bb0&Prime;][\/et_pb_button][\/et_pb_column][\/et_pb_row][\/et_pb_section][et_pb_section fb_built=\u00a0\u00bb1&Prime; _builder_version=\u00a0\u00bb4.17.3&Prime; _module_preset=\u00a0\u00bbdefault\u00a0\u00bb custom_margin=\u00a0\u00bb||-6px|||\u00a0\u00bb custom_padding=\u00a0\u00bb3px||22px|||\u00a0\u00bb global_colors_info=\u00a0\u00bb%91%93&Prime;][et_pb_row column_structure=\u00a0\u00bb1_4,1_4,1_4,1_4&Prime; use_custom_gutter=\u00a0\u00bbon\u00a0\u00bb _builder_version=\u00a0\u00bb4.19.4&Prime; _module_preset=\u00a0\u00bbdefault\u00a0\u00bb background_color=\u00a0\u00bb#FFFFFF\u00a0\u00bb vertical_offset=\u00a0\u00bb-55px\u00a0\u00bb max_width=\u00a0\u00bb1320px\u00a0\u00bb custom_margin=\u00a0\u00bb1px||||false|false\u00a0\u00bb custom_padding=\u00a0\u00bb15px|11px|5px|20px|false|false\u00a0\u00bb border_radii=\u00a0\u00bbon|10px|10px|10px|10px\u00a0\u00bb border_color_top=\u00a0\u00bb#E09900&Prime; saved_tabs=\u00a0\u00bball\u00a0\u00bb global_colors_info=\u00a0\u00bb{}\u00a0\u00bb][et_pb_column type=\u00a0\u00bb1_4&Prime; _builder_version=\u00a0\u00bb4.17.3&Prime; _module_preset=\u00a0\u00bbdefault\u00a0\u00bb global_colors_info=\u00a0\u00bb{}\u00a0\u00bb][et_pb_text _builder_version=\u00a0\u00bb4.19.4&Prime; _module_preset=\u00a0\u00bbdefault\u00a0\u00bb text_font=\u00a0\u00bbPoppins|700|||||||\u00a0\u00bb text_text_color=\u00a0\u00bb#3d1e00&Prime; text_font_size=\u00a0\u00bb19px\u00a0\u00bb global_colors_info=\u00a0\u00bb%91%93&Prime;]<\/p>\n<p style=\"text-align: center;\"><img loading=\"lazy\" decoding=\"async\" src=\"https:\/\/assurance21.com\/nex\/nex\/wp-content\/uploads\/2023\/01\/mutuelle-dentaire-icon-150x150-1.png\" width=\"90\" height=\"90\" alt=\"\" class=\"wp-image-147 aligncenter size-thumbnail\" \/><\/p>\n<p style=\"text-align: center;\">Mutuelle<em> dentaire<\/em><\/p>\n<p>[\/et_pb_text][\/et_pb_column][et_pb_column type=\u00a0\u00bb1_4&Prime; _builder_version=\u00a0\u00bb4.17.3&Prime; _module_preset=\u00a0\u00bbdefault\u00a0\u00bb global_colors_info=\u00a0\u00bb{}\u00a0\u00bb][et_pb_text _builder_version=\u00a0\u00bb4.19.4&Prime; _module_preset=\u00a0\u00bbdefault\u00a0\u00bb text_font=\u00a0\u00bbPoppins|700|||||||\u00a0\u00bb text_text_color=\u00a0\u00bb#3d1e00&Prime; text_font_size=\u00a0\u00bb19px\u00a0\u00bb locked=\u00a0\u00bboff\u00a0\u00bb global_colors_info=\u00a0\u00bb%91%93&Prime;]<\/p>\n<p style=\"text-align: center;\"><img loading=\"lazy\" decoding=\"async\" src=\"https:\/\/assurance21.com\/nex\/nex\/wp-content\/uploads\/2023\/01\/mutuelle-optique-icon-150x150-1.png\" width=\"90\" height=\"90\" alt=\"\" class=\"wp-image-148 aligncenter size-thumbnail\" \/><\/p>\n<p style=\"text-align: center;\">Mutuelle<em> Optique<\/em><\/p>\n<p>[\/et_pb_text][\/et_pb_column][et_pb_column type=\u00a0\u00bb1_4&Prime; _builder_version=\u00a0\u00bb4.17.3&Prime; _module_preset=\u00a0\u00bbdefault\u00a0\u00bb global_colors_info=\u00a0\u00bb{}\u00a0\u00bb][et_pb_text _builder_version=\u00a0\u00bb4.19.4&Prime; _module_preset=\u00a0\u00bbdefault\u00a0\u00bb text_font=\u00a0\u00bbPoppins|700|||||||\u00a0\u00bb text_text_color=\u00a0\u00bb#3d1e00&Prime; text_font_size=\u00a0\u00bb19px\u00a0\u00bb locked=\u00a0\u00bboff\u00a0\u00bb global_colors_info=\u00a0\u00bb%91%93&Prime;]<\/p>\n<p style=\"text-align: center;\"><img loading=\"lazy\" decoding=\"async\" src=\"https:\/\/assurance21.com\/nex\/nex\/wp-content\/uploads\/2023\/01\/mutuelle-hospitalisation-icon-150x150-1.png\" width=\"90\" height=\"90\" alt=\"\" class=\"wp-image-146 aligncenter size-thumbnail\" \/><\/p>\n<p style=\"text-align: center;\">Mutuelle<em> Hospitalisation<\/em><\/p>\n<p>[\/et_pb_text][\/et_pb_column][et_pb_column type=\u00a0\u00bb1_4&Prime; _builder_version=\u00a0\u00bb4.17.3&Prime; _module_preset=\u00a0\u00bbdefault\u00a0\u00bb global_colors_info=\u00a0\u00bb{}\u00a0\u00bb][et_pb_text _builder_version=\u00a0\u00bb4.17.3&Prime; _module_preset=\u00a0\u00bbdefault\u00a0\u00bb text_font=\u00a0\u00bbPoppins|700|||||||\u00a0\u00bb text_text_color=\u00a0\u00bb#3d1e00&Prime; text_font_size=\u00a0\u00bb19px\u00a0\u00bb locked=\u00a0\u00bboff\u00a0\u00bb global_colors_info=\u00a0\u00bb%91%93&Prime;]<\/p>\n<p style=\"text-align: center;\"><img loading=\"lazy\" decoding=\"async\" src=\"https:\/\/assurance21.com\/nex\/nex\/wp-content\/uploads\/2023\/01\/mutuelle-tns-icon-150x150-1.png\" width=\"90\" height=\"90\" alt=\"\" class=\"wp-image-149 aligncenter size-thumbnail\" \/><\/p>\n<p style=\"text-align: center;\">Mutuelle<em> Tns<\/em><\/p>\n<p>[\/et_pb_text][\/et_pb_column][\/et_pb_row][et_pb_row use_custom_gutter=\u00a0\u00bbon\u00a0\u00bb _builder_version=\u00a0\u00bb4.19.4&Prime; _module_preset=\u00a0\u00bbdefault\u00a0\u00bb background_color=\u00a0\u00bb#FFFFFF\u00a0\u00bb positioning=\u00a0\u00bbnone\u00a0\u00bb vertical_offset=\u00a0\u00bb-55px\u00a0\u00bb max_width=\u00a0\u00bb1320px\u00a0\u00bb custom_margin=\u00a0\u00bb1px||||false|false\u00a0\u00bb custom_padding=\u00a0\u00bb0px|11px|8px|20px|false|false\u00a0\u00bb border_style_all=\u00a0\u00bbnone\u00a0\u00bb border_width_top=\u00a0\u00bb5px\u00a0\u00bb border_color_top=\u00a0\u00bb#E09900&Prime; global_colors_info=\u00a0\u00bb{}\u00a0\u00bb][et_pb_column type=\u00a0\u00bb4_4&Prime; _builder_version=\u00a0\u00bb4.17.3&Prime; _module_preset=\u00a0\u00bbdefault\u00a0\u00bb global_colors_info=\u00a0\u00bb{}\u00a0\u00bb][et_pb_text _builder_version=\u00a0\u00bb4.19.4&Prime; _module_preset=\u00a0\u00bba202c26c-e0b3-4699-9283-2a84b7cb445f\u00a0\u00bb text_font=\u00a0\u00bbPoppins||||||||\u00a0\u00bb text_text_color=\u00a0\u00bb#424242&Prime; text_font_size=\u00a0\u00bb18px\u00a0\u00bb text_line_height=\u00a0\u00bb1.4em\u00a0\u00bb link_font=\u00a0\u00bb||||on|||#041d70|\u00a0\u00bb link_text_color=\u00a0\u00bb#050784&Prime; header_text_color=\u00a0\u00bb#052e87&Prime; header_2_font=\u00a0\u00bbPoppins|700|||||||\u00a0\u00bb header_2_text_color=\u00a0\u00bb#052e87&Prime; header_2_font_size=\u00a0\u00bb28px\u00a0\u00bb header_2_line_height=\u00a0\u00bb1.7em\u00a0\u00bb text_orientation=\u00a0\u00bbjustified\u00a0\u00bb custom_margin=\u00a0\u00bb-10px|||||\u00a0\u00bb saved_tabs=\u00a0\u00bball\u00a0\u00bb global_colors_info=\u00a0\u00bb%91%93&Prime;]<\/p>\n<p>Si votre profil est assez particulier, il est fortement recommand\u00e9 de privil\u00e9gier les offres sp\u00e9cialement con\u00e7ues pour votre cas : en effet, au cours des derni\u00e8res ann\u00e9es, les assureurs n&rsquo;ont pas cess\u00e9 de cr\u00e9er des produits sp\u00e9cifiques pour permettre \u00e0 tous les clients de profiter d&rsquo;un bon prix pour leur assurance. On peut citer entre autres, l&rsquo;assurance \u00ab auto \u00bb, l&rsquo;assurance temporaire, l&rsquo;assurance sant\u00e9, l&rsquo;assurance sant\u00e9 pour seniors, etc.<\/p>\n<p>En utilisant un comparateur en ligne, vous d\u00e9couvrirez la liste des offres les plus adapt\u00e9es \u00e0 votre profil en quelques clics seulement. Faites une demande de devis aupr\u00e8s des prestataires les moins chers pour b\u00e9n\u00e9ficier de conditions encore plus int\u00e9ressantes.<\/p>\n<p><span>Il existe plusieurs moyens qui permettent de d\u00e9couvrir le bon prix d&rsquo;une assurance<\/span><br \/><span>Les solutions ?<\/span><span>\u00a0<\/span><span>Qu&rsquo;en est-il des tarifs ?<\/span><\/p>\n<h2>Assurance Habitation<\/h2>\n<p>Propri\u00e9taires, vous avez d\u00e9pens\u00e9 une somme colossale pour am\u00e9nager votre maison. La prot\u00e9ger, avec tous les biens qui la composent, est votre priorit\u00e9. L&rsquo;assurance habitation, c&rsquo;est avant tout faire le choix de la plus grande tranquillit\u00e9 d&rsquo;esprit. Bien que, dans votre cas, la souscription d&rsquo;une assurance habitation ne soit pas impos\u00e9e par la loi, elle n&rsquo;en demeure pas moins indispensable dans les diff\u00e9rentes situations de tous les jours.<\/p>\n<p>Par contre, si vous \u00eates copropri\u00e9taires ou locataires, votre responsabilit\u00e9 civile vis-\u00e0-vis des \u00e9ventuels dommages que devra subir l&rsquo;immeuble, l&rsquo;appartement ou la maison o\u00f9 vous r\u00e9sidez, peut vous obliger \u00e0 en souscrire, sous peine de r\u00e9siliation de bail.<\/p>\n<h2>Assurance Voiture<\/h2>\n<p>Pour faire face \u00e0 la concurrence et pour mieux cibler les particuliers, les compagnies d&rsquo;assurance ne cessent d&rsquo;innover en proposant des contrats alliant \u00e9conomie et bon niveau de protection en cas de sinistre.<\/p>\n<p>Gr\u00e2ce \u00e0 une<span>\u00a0<\/span><a href=\"https:\/\/www.assurance21.com\/auto\/\" title=\"simulation assurance auto\">simulation<\/a><span>\u00a0<\/span>en ligne, les internautes peuvent acc\u00e9der \u00e0 un comparatif d&rsquo;assurance auto qui s&rsquo;affiche d\u00e8s qu&rsquo;une demande est effectu\u00e9e en ligne.<\/p>\n<p>Le comparatif d&rsquo;assurances auto est un document qui est d\u00e9livr\u00e9 en ligne pour que les internautes puissent d\u00e9couvrir les offres d&rsquo;assurances voitures les plus adapt\u00e9es \u00e0 ses besoins.<\/p>\n<p>Aucun commercial n&rsquo;influencera sa d\u00e9cision et il pourra bien \u00e9valuer les avantages et les inconv\u00e9nients de chaque proposition. Il est possible de changer les informations saisies dans le formulaire de recherche en ligne pour obtenir plusieurs comparatifs d&rsquo;assurance auto.<\/p>\n<p>\u00c9tant donn\u00e9 qu&rsquo;il s&rsquo;agit d&rsquo;un service enti\u00e8rement gratuit et sans engagement, il est fortement recommand\u00e9 de consid\u00e9rer toutes les alternatives pour trouver l&rsquo;assureur ou le courtier qui vous convient le mieux. voire aussi l&rsquo;<a href=\"https:\/\/www.assurance21.com\/auto\/resilie\/\" title=\"assurance auto pour r\u00e9sili\u00e9\">assurance auto pour r\u00e9sili\u00e9<\/a><\/p>\n<h2>Assurance sant\u00e9<\/h2>\n<p>Pour faire un choix adapt\u00e9, il est important de r\u00e9aliser une comparaison de<span>\u00a0<\/span><a href=\"https:\/\/www.assurance21.com\/sante\/\" title=\"mutuelle sant\u00e9\">mutuelle en ligne<\/a>. Cela vous permettra d&rsquo;acc\u00e9der \u00e0 un nombre important d&rsquo;offres et vous donnera l&rsquo;opportunit\u00e9 de choisir les formules les plus avantageuses.<\/p>\n<p>Les conseils donn\u00e9s par les sp\u00e9cialistes en mutualit\u00e9 orienteront les futures m\u00e8res vers l&rsquo;offre la plus adapt\u00e9e \u00e0 leurs besoins m\u00e9dicaux.<\/p>\n<p>Si vous voulez souscrire \u00e0 une assurance sant\u00e9 et b\u00e9n\u00e9ficier des tarifs les plus bas, il faut accomplir certaines d\u00e9marches. Le d\u00e9sir de se d\u00e9marquer de la concurrence pour acqu\u00e9rir plus de clients pousse les assureurs \u00e0 \u00e9laborer des offres plus sp\u00e9cifiques et plus int\u00e9ressantes.<\/p>\n<h2>Assurance Moto<\/h2>\n<p>Le choix d&rsquo;une assurance moto doit \u00eatre r\u00e9alis\u00e9 en tenant compte de l&rsquo;anciennet\u00e9 et de la valeur de votre moto.<\/p>\n<p>Si vous poss\u00e9dez une moto plut\u00f4t ancienne, il n&rsquo;est pas n\u00e9cessaire d&rsquo;opter pour une assurance tous risques. Par contre, si vous poss\u00e9dez une moto de grande valeur ou neuve, il est vivement recommand\u00e9 de souscrire \u00e0 celle-ci.<\/p>\n<p>Il existe trois types de couverture : l&rsquo;assurance tiers, l&rsquo;assurance tiers assortie d&rsquo;une garantie contre le vol et l&rsquo;incendie et l&rsquo;assurance tous risques.<\/p>\n<p>Pour assurer votre moto, vous avez le choix entre diff\u00e9rentes formules. Vous devez savoir que les compagnies d&rsquo;assurances moto n&rsquo;appliquent pas les m\u00eames tarifs pour couvrir un m\u00eame risque pour deux profils diff\u00e9rents.<\/p>\n<p>C&rsquo;est pour cela quil est essentiel de comparer les diff\u00e9rentes offres d&rsquo;assurances disponibles sur le march\u00e9. Vous aurez ainsi la certitude d&rsquo;opter pour le meilleur rapport\/prix\/garantie et ce, en parfaite ad\u00e9quation avec votre cas.<\/p>\n<h2>Assurance d\u00e9cennale<\/h2>\n<p>Comparateur d&rsquo;assurance d\u00e9cennale de calibre, assurance21.com vous aide \u00e0 comparer gratuitement les prix et garanties d&rsquo;une trentaine d&rsquo;assureurs d\u00e9cennale (MAAF, Aviva, GMF, MMA, Direct Assurance,&#8230;). Si l&rsquo;une des offres d&rsquo;assurance d\u00e9cennale propos\u00e9es par notre comparateur d&rsquo;assurance d\u00e9cennale vous int\u00e9resse, vous pouvez recevoir un devis gratuitement.<\/p>\n<p>Vous pourrez ainsi faire des \u00e9conomies et payer moins cher votre assurance d\u00e9cennale.Cinq minutes suffisent pour remplir le questionnaire d&rsquo;assurance d\u00e9cennale Les propositions d&rsquo;assurance d\u00e9cennale pr\u00e9sent\u00e9es ne correspondent \u00e0 votre profil que sous r\u00e9serve de l&rsquo;exactitude de vos d\u00e9clarations.<\/p>\n<h2>Comparatif d&rsquo;assurance voiture<\/h2>\n<p>Gr\u00e2ce au comparatif d&rsquo;assurance automobile, les points forts et les d\u00e9savantages de chaque offre se rep\u00e8rent plus facilement. Les crit\u00e8res de choix sont nombreux, on peut citer entre autres :<\/p>\n<ul>\n<li>le montant de la prime<\/li>\n<li>les diff\u00e9rentes garanties<\/li>\n<li>les garanties optionnelles incluses dans l&rsquo;offre<\/li>\n<li>le niveau de chaque couverture<\/li>\n<li>les conditions \u00e0 remplir pour que les garanties soient applicables en cas de sinistres.<\/li>\n<\/ul>\n<p>Une fois que ces d\u00e9tails sont connus, vous pouvez contacter les assureurs afin d&rsquo;entamer des n\u00e9gociations qui vous permettront de b\u00e9n\u00e9ficier de tarifs ou de garanties encore plus avantageux.<\/p>\n<p>[\/et_pb_text][\/et_pb_column][\/et_pb_row][\/et_pb_section]<\/p>\n","protected":false},"excerpt":{"rendered":"<p>Comparer en 2 minutes\u00a050 devis d&rsquo;assurance Pour etre bien inform\u00e9 sur le remboursement de la s\u00e9curit\u00e9 sociale et des mutuelles Vous \u00eates probablement dans le m\u00eame cas que tout le monde, vous ne savez pas comment la s\u00e9curit\u00e9 sociale rembourse.Pourquoi les tarifs des m\u00e9decins sont tous diff\u00e9rents. Mais si, il y a une explication. Mutuelle [&hellip;]<\/p>\n","protected":false},"author":1,"featured_media":0,"parent":0,"menu_order":0,"comment_status":"closed","ping_status":"closed","template":"","meta":{"_et_pb_use_builder":"on","_et_pb_old_content":"","_et_gb_content_width":"","inline_featured_image":false,"footnotes":""},"class_list":["post-334","page","type-page","status-publish","hentry"],"amp_enabled":false,"_links":{"self":[{"href":"https:\/\/assurance21.com\/nex\/wp-json\/wp\/v2\/pages\/334","targetHints":{"allow":["GET"]}}],"collection":[{"href":"https:\/\/assurance21.com\/nex\/wp-json\/wp\/v2\/pages"}],"about":[{"href":"https:\/\/assurance21.com\/nex\/wp-json\/wp\/v2\/types\/page"}],"author":[{"embeddable":true,"href":"https:\/\/assurance21.com\/nex\/wp-json\/wp\/v2\/users\/1"}],"replies":[{"embeddable":true,"href":"https:\/\/assurance21.com\/nex\/wp-json\/wp\/v2\/comments?post=334"}],"version-history":[{"count":0,"href":"https:\/\/assurance21.com\/nex\/wp-json\/wp\/v2\/pages\/334\/revisions"}],"wp:attachment":[{"href":"https:\/\/assurance21.com\/nex\/wp-json\/wp\/v2\/media?parent=334"}],"curies":[{"name":"wp","href":"https:\/\/api.w.org\/{rel}","templated":true}]}}