{"id":360,"date":"2023-01-02T14:03:29","date_gmt":"2023-01-02T14:03:29","guid":{"rendered":"https:\/\/www.assurance21.com\/nex\/?page_id=360"},"modified":"2023-01-03T05:38:10","modified_gmt":"2023-01-03T05:38:10","slug":"auto","status":"publish","type":"page","link":"https:\/\/assurance21.com\/nex\/auto\/","title":{"rendered":"auto"},"content":{"rendered":"<p>[et_pb_section fb_built=\u00a0\u00bb1&Prime; _builder_version=\u00a0\u00bb4.19.4&Prime; _module_preset=\u00a0\u00bb51ae0e4d-43c2-40e9-aa74-9dac0030c6a0&Prime; background_color=\u00a0\u00bb#772570&Prime; background_image=\u00a0\u00bbhttps:\/\/assurance21.com\/nex\/nex\/wp-content\/uploads\/2023\/01\/assurance-auto.jpg\u00a0\u00bb background_enable_mask_style=\u00a0\u00bbon\u00a0\u00bb background_mask_style=\u00a0\u00bbarch\u00a0\u00bb background_mask_color=\u00a0\u00bb#182d33&Prime; background_mask_aspect_ratio=\u00a0\u00bbsquare\u00a0\u00bb background_mask_size=\u00a0\u00bbcustom\u00a0\u00bb background_mask_width=\u00a0\u00bb100%\u00a0\u00bb background_mask_height=\u00a0\u00bb100%\u00a0\u00bb custom_padding=\u00a0\u00bb24px||141px|||\u00a0\u00bb global_module=\u00a0\u00bb365&Prime; saved_tabs=\u00a0\u00bball\u00a0\u00bb global_colors_info=\u00a0\u00bb%91%93&Prime;][et_pb_row use_custom_gutter=\u00a0\u00bbon\u00a0\u00bb _builder_version=\u00a0\u00bb4.19.4&Prime; _module_preset=\u00a0\u00bbdefault\u00a0\u00bb width=\u00a0\u00bb100%\u00a0\u00bb max_width=\u00a0\u00bb1320px\u00a0\u00bb custom_padding=\u00a0\u00bb0px||4px|||\u00a0\u00bb global_colors_info=\u00a0\u00bb{}\u00a0\u00bb][et_pb_column type=\u00a0\u00bb4_4&Prime; _builder_version=\u00a0\u00bb4.17.3&Prime; _module_preset=\u00a0\u00bbdefault\u00a0\u00bb global_colors_info=\u00a0\u00bb{}\u00a0\u00bb][et_pb_code _builder_version=\u00a0\u00bb4.19.4&Prime; _module_preset=\u00a0\u00bbdefault\u00a0\u00bb custom_css_main_element=\u00a0\u00bbcolor:#fff;\u00a0\u00bb global_colors_info=\u00a0\u00bb{}\u00a0\u00bb]<nav aria-label=\"breadcrumbs\" class=\"rank-math-breadcrumb\"><p><span class=\"last\">Assurance<\/span><\/p><\/nav>[\/et_pb_code][\/et_pb_column][\/et_pb_row][et_pb_row column_structure=\u00a0\u00bb2_3,1_3&Prime; use_custom_gutter=\u00a0\u00bbon\u00a0\u00bb _builder_version=\u00a0\u00bb4.19.4&Prime; _module_preset=\u00a0\u00bbdefault\u00a0\u00bb max_width=\u00a0\u00bb1320px\u00a0\u00bb custom_padding=\u00a0\u00bb0px||5px|||\u00a0\u00bb global_colors_info=\u00a0\u00bb{}\u00a0\u00bb][et_pb_column type=\u00a0\u00bb2_3&Prime; _builder_version=\u00a0\u00bb4.17.3&Prime; _module_preset=\u00a0\u00bbdefault\u00a0\u00bb global_colors_info=\u00a0\u00bb{}\u00a0\u00bb][et_pb_text _builder_version=\u00a0\u00bb4.19.4&Prime; _module_preset=\u00a0\u00bb476db598-b402-4e78-a61b-34fdfa099f7d\u00a0\u00bb text_font=\u00a0\u00bbPoppins|300|||||||\u00a0\u00bb text_text_color=\u00a0\u00bb#FFFFFF\u00a0\u00bb text_font_size=\u00a0\u00bb17px\u00a0\u00bb text_line_height=\u00a0\u00bb1.9em\u00a0\u00bb link_font=\u00a0\u00bbPoppins|700|||on||||\u00a0\u00bb link_text_color=\u00a0\u00bb#FFFFFF\u00a0\u00bb header_font=\u00a0\u00bbPoppins|700|||||||\u00a0\u00bb header_text_color=\u00a0\u00bb#FFFFFF\u00a0\u00bb header_font_size=\u00a0\u00bb2.5rem\u00a0\u00bb header_line_height=\u00a0\u00bb1.3em\u00a0\u00bb custom_padding=\u00a0\u00bb72px|139px||||\u00a0\u00bb global_colors_info=\u00a0\u00bb%91%93&Prime;]<\/p>\n<h1>Assurance auto pour r\u00e9sili\u00e9<\/h1>\n<p>Si votre contrat d\u2019assurance auto a \u00e9t\u00e9 r\u00e9sili, il est fortement recommand\u00e9 de comparer les propositions des assureurs pour trouver un contrat adapt\u00e9 \u00e0 vos besoins et votre budget.<\/p>\n<p>Actuellement, de plus en plus d\u2019assureurs \u00e9laborent des offres sp\u00e9ciales d\u00e9di\u00e9es aux conducteurs r\u00e9sili\u00e9s \u00e0 des tarifs tr\u00e8s comp\u00e9titifs.<\/p>\n<p style=\"text-align: justify;\">[\/et_pb_text][et_pb_button button_text=\u00a0\u00bbJe compare les offres\u00a0\u00bb _builder_version=\u00a0\u00bb4.19.4&Prime; _module_preset=\u00a0\u00bbdefault\u00a0\u00bb custom_button=\u00a0\u00bbon\u00a0\u00bb button_text_size=\u00a0\u00bb26px\u00a0\u00bb button_text_color=\u00a0\u00bb#FFFFFF\u00a0\u00bb button_bg_color=\u00a0\u00bb#772570&Prime; button_border_color=\u00a0\u00bbRGBA(255,255,255,0)\u00a0\u00bb button_border_radius=\u00a0\u00bb13px\u00a0\u00bb button_font=\u00a0\u00bbPoppins|600|||||||\u00a0\u00bb global_colors_info=\u00a0\u00bb{}\u00a0\u00bb][\/et_pb_button][\/et_pb_column][et_pb_column type=\u00a0\u00bb1_3&Prime; _builder_version=\u00a0\u00bb4.17.3&Prime; _module_preset=\u00a0\u00bbdefault\u00a0\u00bb global_colors_info=\u00a0\u00bb{}\u00a0\u00bb][\/et_pb_column][\/et_pb_row][\/et_pb_section][et_pb_section fb_built=\u00a0\u00bb1&Prime; _builder_version=\u00a0\u00bb4.17.3&Prime; _module_preset=\u00a0\u00bbdefault\u00a0\u00bb custom_margin=\u00a0\u00bb||-6px|||\u00a0\u00bb custom_padding=\u00a0\u00bb32px||40px|||\u00a0\u00bb global_colors_info=\u00a0\u00bb%91%93&Prime;][et_pb_row use_custom_gutter=\u00a0\u00bbon\u00a0\u00bb _builder_version=\u00a0\u00bb4.19.4&Prime; _module_preset=\u00a0\u00bbdefault\u00a0\u00bb background_color=\u00a0\u00bb#FFFFFF\u00a0\u00bb positioning=\u00a0\u00bbnone\u00a0\u00bb vertical_offset=\u00a0\u00bb-55px\u00a0\u00bb max_width=\u00a0\u00bb1320px\u00a0\u00bb custom_margin=\u00a0\u00bb1px||||false|false\u00a0\u00bb custom_padding=\u00a0\u00bb0px|11px|8px|20px|false|false\u00a0\u00bb border_style_all=\u00a0\u00bbnone\u00a0\u00bb border_width_top=\u00a0\u00bb5px\u00a0\u00bb border_color_top=\u00a0\u00bb#E09900&Prime; global_colors_info=\u00a0\u00bb{}\u00a0\u00bb][et_pb_column type=\u00a0\u00bb4_4&Prime; _builder_version=\u00a0\u00bb4.17.3&Prime; _module_preset=\u00a0\u00bbdefault\u00a0\u00bb global_colors_info=\u00a0\u00bb{}\u00a0\u00bb][et_pb_text _builder_version=\u00a0\u00bb4.19.4&Prime; _module_preset=\u00a0\u00bbb1e76ef5-a2a3-4142-aaf0-e3b10591557d\u00a0\u00bb text_font=\u00a0\u00bbPoppins||||||||\u00a0\u00bb text_text_color=\u00a0\u00bb#424242&Prime; text_font_size=\u00a0\u00bb18px\u00a0\u00bb text_line_height=\u00a0\u00bb1.4em\u00a0\u00bb link_font=\u00a0\u00bb||||on|||#041d70|\u00a0\u00bb link_text_color=\u00a0\u00bb#050784&Prime; header_text_color=\u00a0\u00bb#052e87&Prime; header_2_font=\u00a0\u00bbPoppins|700|||||||\u00a0\u00bb header_2_text_color=\u00a0\u00bb#052e87&Prime; header_2_font_size=\u00a0\u00bb28px\u00a0\u00bb header_2_line_height=\u00a0\u00bb1.7em\u00a0\u00bb text_orientation=\u00a0\u00bbjustified\u00a0\u00bb custom_margin=\u00a0\u00bb-10px|||||\u00a0\u00bb saved_tabs=\u00a0\u00bball\u00a0\u00bb global_colors_info=\u00a0\u00bb%91%93&Prime;]<\/p>\n<h2>Choisir \u00e0 t\u00eate repos\u00e9e votre assurance de voiture<\/h2>\n<p>Le comparatif d\u2019assurances auto est un document qui est d\u00e9livr\u00e9 en ligne pour que les internautes puissent d\u00e9couvrir les offres d\u2019assurances voitures les plus adapt\u00e9es \u00e0 ses besoins avec un prix bas.<\/p>\n<p>Aucun commercial n\u2019influencera sa d\u00e9cision et il pourra bien \u00e9valuer les avantages et les inconv\u00e9nients de chaque proposition.<\/p>\n<h2>Contrat d\u2019assurance auto : choisir en fonction de ses besoins<\/h2>\n<p>Le contrat d\u2019assurance auto est indispensable pour tout conducteur qui souhaite rouler. Il s\u2019agit d\u2019un document qui garantit la prise en charge ou le remboursement des d\u00e9penses qui d\u00e9coulent d\u2019un accident ou d\u2019un<span>\u00a0<\/span><strong>sinistre<\/strong>. La souscription d\u2019une assurance auto au tiers est obligatoire, mais les clauses optionnelles permettent de renforcer le niveau de garantie accord\u00e9e par l\u2019assureur \u00e0 ses clients.<\/p>\n<h2>Plusieurs types de contrats d\u2019assurance auto<\/h2>\n<p>Actuellement, les professionnels de l\u2019assurance auto essayent de se d\u00e9marquer de la concurrence en proposant des offres ciblant une ou plusieurs cat\u00e9gories de clients potentiels. On peut citer entre autres :<\/p>\n<ul>\n<li>Assurance auto au kilom\u00e8tre ou assurance auto \u00ab pay as you drive \u00bb<\/li>\n<li>Assurance auto jeune conducteur<\/li>\n<li>Assurance auto \u00e9tudiant<\/li>\n<li><a href=\"https:\/\/www.assurance21.com\/auto\/resilie\/\" title=\"Assurance auto pour r\u00e9sili\u00e9\">Assurance auto pour conducteur r\u00e9sili\u00e9<\/a><\/li>\n<li>Assurance auto pour conducteur maluss\u00e9<\/li>\n<li>Assurance auto tous risques<\/li>\n<li><a href=\"https:\/\/www.assurance21.com\/auto\/alcoolemie\/\" title=\"assurance auto r\u00e9sili\u00e9 alcool\u00e9mie\">assurance auto alcool\u00e9mie<\/a><\/li>\n<li>Assurance auto interm\u00e9diaire<\/li>\n<li>Assurance auto au tiers (garantie responsabilit\u00e9 civile).<\/li>\n<\/ul>\n<p>La cr\u00e9ation de ses<span>\u00a0<\/span><em>diff\u00e9rentes formules<\/em><span>\u00a0<\/span>est avantageuse pour les assur\u00e9s parce qu\u2019ils peuvent trouver des contrats d\u2019assurance auto adapt\u00e9s \u00e0 leurs besoins \u00e0 des<span>\u00a0<\/span><strong>tarifs plus abordables<\/strong>.<\/p>\n<h2>Comparer pour trouver les contrats d\u2019assurance auto les plus int\u00e9ressants<\/h2>\n<p>Pour gagner du temps et de l\u2019argent, utilisez un<span>\u00a0<\/span><strong>simulateur en ligne<\/strong><span>\u00a0<\/span>: il s\u2019agit d\u2019un outil qui permet de comparer<span>\u00a0<\/span><strong>plusieurs contrats d\u2019assurance auto<\/strong><span>\u00a0<\/span>en quelques clics seulement.<\/p>\n<p>\u00c0 l\u2019issue de cette d\u00e9marche, vous obtenez un comparatif d\u00e9taill\u00e9 des offres qui pr\u00e9sentent<span>\u00a0<\/span><strong>les meilleurs rapports qualit\u00e9\/prix<\/strong>. Il est \u00e9galement possible de demander des devis aux prestataires qui proposent les garanties et les services d\u2019assistance qui vous conviennent pour d\u00e9couvrir des offres encore plus int\u00e9ressantes.<\/p>\n<p>Pour y parvenir, mettez vos points forts en avant et \u00e9voquez les plus des autres contrats pour inciter les assureurs \u00e0 faire un geste commercial en votre faveur.<\/p>\n<h2>D\u00e9terminer ses besoins pour trouver le bon prix d\u2019assurance voiture<\/h2>\n<p>Pour faire<span>\u00a0<\/span><strong>des \u00e9conomies sur votre assurance auto<\/strong>, les garanties de l\u2019assurance auto doivent \u00eatre adapt\u00e9es \u00e0 vos besoins : pensez \u00e0 estimer vos besoins en tenant compte de certains crit\u00e8res :<\/p>\n<ul>\n<li>L\u2019\u00e9tat, la marque et l\u2019\u00e2ge de la voiture \u00e0 assurer<\/li>\n<li>Le nombre de conducteurs<\/li>\n<li>Le profil du conducteur principal<\/li>\n<li>Les garanties indispensables<\/li>\n<li>La port\u00e9e des garanties.<\/li>\n<\/ul>\n<h2 class=\"text-center\" style=\"text-align: left;\">Assurance voiture \u00e9cologique<\/h2>\n<p>Dans une strat\u00e9gie \u00e9cologique, les assureurs tentent de mettre en place des solutions novatrices. Les conducteurs auraient l\u2019opportunit\u00e9 de b\u00e9n\u00e9ficier d\u2019une r\u00e9duction si la voiture r\u00e9pond \u00e0 diff\u00e9rents crit\u00e8res.<\/p>\n<h3>Des offres soumises \u00e0 condition<\/h3>\n<p>La commercialisation des v\u00e9hicules propres (biocarburant, \u00e9lectrique, hybride, GPL) augmente depuis ces derniers mois. Les assureurs utilisent ce march\u00e9 pour proposer des tarifs avantageux \u00e0 leurs clients ayant fait la d\u00e9marche d\u2019acheter une voiture \u00e9cologique. La r\u00e9duction de l\u2019assurance pourrait atteindre entre 10 et 30%. Deux crit\u00e8res sont tout de m\u00eame \u00e0 observer, il s\u2019agit des \u00e9missions de gaz carboniques et des particules (monoxyde de carbone, oxyde d\u2019azote), ils ont respectivement un impact sur l\u2019effet de serre et la sant\u00e9. La norme Kyoto leur permet ainsi de distinguer facilement les v\u00e9hicules classiques et propres (au maximum 120 grammes de CO2 au kilom\u00e8tre).<\/p>\n<p>[\/et_pb_text][\/et_pb_column][\/et_pb_row][\/et_pb_section]<\/p>\n","protected":false},"excerpt":{"rendered":"<p><nav aria-label=\"breadcrumbs\" class=\"rank-math-breadcrumb\"><p><span class=\"last\">Assurance<\/span><\/p><\/nav>Assurance auto pour r\u00e9sili\u00e9 Si votre contrat d\u2019assurance auto a \u00e9t\u00e9 r\u00e9sili, il est fortement recommand\u00e9 de comparer les propositions des assureurs pour trouver un contrat adapt\u00e9 \u00e0 vos besoins et votre budget. Actuellement, de plus en plus d\u2019assureurs \u00e9laborent des offres sp\u00e9ciales d\u00e9di\u00e9es aux conducteurs r\u00e9sili\u00e9s \u00e0 des tarifs tr\u00e8s comp\u00e9titifs. Choisir \u00e0 t\u00eate [&hellip;]<\/p>\n","protected":false},"author":1,"featured_media":0,"parent":0,"menu_order":0,"comment_status":"closed","ping_status":"closed","template":"","meta":{"_et_pb_use_builder":"on","_et_pb_old_content":"","_et_gb_content_width":"","inline_featured_image":false,"footnotes":""},"class_list":["post-360","page","type-page","status-publish","hentry"],"amp_enabled":true,"_links":{"self":[{"href":"https:\/\/assurance21.com\/nex\/wp-json\/wp\/v2\/pages\/360","targetHints":{"allow":["GET"]}}],"collection":[{"href":"https:\/\/assurance21.com\/nex\/wp-json\/wp\/v2\/pages"}],"about":[{"href":"https:\/\/assurance21.com\/nex\/wp-json\/wp\/v2\/types\/page"}],"author":[{"embeddable":true,"href":"https:\/\/assurance21.com\/nex\/wp-json\/wp\/v2\/users\/1"}],"replies":[{"embeddable":true,"href":"https:\/\/assurance21.com\/nex\/wp-json\/wp\/v2\/comments?post=360"}],"version-history":[{"count":0,"href":"https:\/\/assurance21.com\/nex\/wp-json\/wp\/v2\/pages\/360\/revisions"}],"wp:attachment":[{"href":"https:\/\/assurance21.com\/nex\/wp-json\/wp\/v2\/media?parent=360"}],"curies":[{"name":"wp","href":"https:\/\/api.w.org\/{rel}","templated":true}]}}