{"id":374,"date":"2023-01-02T14:55:57","date_gmt":"2023-01-02T14:55:57","guid":{"rendered":"https:\/\/www.assurance21.com\/nex\/?page_id=374"},"modified":"2023-01-03T04:35:21","modified_gmt":"2023-01-03T04:35:21","slug":"decennale","status":"publish","type":"page","link":"https:\/\/assurance21.com\/nex\/decennale\/","title":{"rendered":"decennale"},"content":{"rendered":"<p>[et_pb_section fb_built=\u00a0\u00bb1&Prime; _builder_version=\u00a0\u00bb4.19.4&Prime; _module_preset=\u00a0\u00bb51ae0e4d-43c2-40e9-aa74-9dac0030c6a0&Prime; background_color=\u00a0\u00bb#772570&Prime; background_image=\u00a0\u00bbhttps:\/\/assurance21.com\/nex\/nex\/wp-content\/uploads\/2023\/01\/assurance-decennale.jpg\u00a0\u00bb background_enable_mask_style=\u00a0\u00bbon\u00a0\u00bb background_mask_style=\u00a0\u00bbarch\u00a0\u00bb background_mask_color=\u00a0\u00bb#182d33&Prime; background_mask_aspect_ratio=\u00a0\u00bbsquare\u00a0\u00bb background_mask_size=\u00a0\u00bbcustom\u00a0\u00bb background_mask_width=\u00a0\u00bb100%\u00a0\u00bb background_mask_height=\u00a0\u00bb100%\u00a0\u00bb custom_padding=\u00a0\u00bb24px||141px|||\u00a0\u00bb saved_tabs=\u00a0\u00bball\u00a0\u00bb global_colors_info=\u00a0\u00bb%91%93&Prime;][et_pb_row use_custom_gutter=\u00a0\u00bbon\u00a0\u00bb _builder_version=\u00a0\u00bb4.19.4&Prime; _module_preset=\u00a0\u00bbdefault\u00a0\u00bb width=\u00a0\u00bb100%\u00a0\u00bb max_width=\u00a0\u00bb1320px\u00a0\u00bb custom_padding=\u00a0\u00bb0px||4px|||\u00a0\u00bb global_colors_info=\u00a0\u00bb{}\u00a0\u00bb][et_pb_column type=\u00a0\u00bb4_4&Prime; _builder_version=\u00a0\u00bb4.17.3&Prime; _module_preset=\u00a0\u00bbdefault\u00a0\u00bb global_colors_info=\u00a0\u00bb{}\u00a0\u00bb][et_pb_code _builder_version=\u00a0\u00bb4.19.4&Prime; _module_preset=\u00a0\u00bbdefault\u00a0\u00bb hover_enabled=\u00a0\u00bb0&Prime; custom_css_main_element=\u00a0\u00bbcolor:#fff;\u00a0\u00bb global_colors_info=\u00a0\u00bb{}\u00a0\u00bb sticky_enabled=\u00a0\u00bb0&Prime;]<nav aria-label=\"breadcrumbs\" class=\"rank-math-breadcrumb\"><p><span class=\"last\">Assurance<\/span><\/p><\/nav>[\/et_pb_code][\/et_pb_column][\/et_pb_row][et_pb_row column_structure=\u00a0\u00bb2_3,1_3&Prime; use_custom_gutter=\u00a0\u00bbon\u00a0\u00bb _builder_version=\u00a0\u00bb4.19.4&Prime; _module_preset=\u00a0\u00bbdefault\u00a0\u00bb max_width=\u00a0\u00bb1320px\u00a0\u00bb custom_padding=\u00a0\u00bb0px||5px|||\u00a0\u00bb global_colors_info=\u00a0\u00bb{}\u00a0\u00bb][et_pb_column type=\u00a0\u00bb2_3&Prime; _builder_version=\u00a0\u00bb4.17.3&Prime; _module_preset=\u00a0\u00bbdefault\u00a0\u00bb global_colors_info=\u00a0\u00bb{}\u00a0\u00bb][et_pb_text _builder_version=\u00a0\u00bb4.19.4&Prime; _module_preset=\u00a0\u00bb476db598-b402-4e78-a61b-34fdfa099f7d\u00a0\u00bb text_font=\u00a0\u00bbPoppins|300|||||||\u00a0\u00bb text_text_color=\u00a0\u00bb#FFFFFF\u00a0\u00bb text_font_size=\u00a0\u00bb17px\u00a0\u00bb text_line_height=\u00a0\u00bb1.9em\u00a0\u00bb link_font=\u00a0\u00bbPoppins|700|||on||||\u00a0\u00bb link_text_color=\u00a0\u00bb#FFFFFF\u00a0\u00bb header_font=\u00a0\u00bbPoppins|700|||||||\u00a0\u00bb header_text_color=\u00a0\u00bb#FFFFFF\u00a0\u00bb header_font_size=\u00a0\u00bb2.5rem\u00a0\u00bb header_line_height=\u00a0\u00bb1.3em\u00a0\u00bb custom_padding=\u00a0\u00bb72px|139px||||\u00a0\u00bb global_colors_info=\u00a0\u00bb%91%93&Prime;]<\/p>\n<h1><span itemprop=\"articleSection\">Comparateur assurance d\u00e9cennale<\/span><\/h1>\n<p><span>Une RC Pro vous garantie dans le cadre de votre activit\u00e9 professionelle des d\u00e9gats que vous pourriez occasioner \u00e0 autrui. La garantie d\u00e9cennale couvre les malfa\u00e7ons qui pourraient survenir dans les 10 ans suivant la date de d\u00e9but des travaux.<\/span><\/p>\n<p style=\"text-align: justify;\">\n<p>[\/et_pb_text][et_pb_button button_text=\u00a0\u00bbJe compare les offres\u00a0\u00bb _builder_version=\u00a0\u00bb4.19.4&Prime; _module_preset=\u00a0\u00bbdefault\u00a0\u00bb custom_button=\u00a0\u00bbon\u00a0\u00bb button_text_size=\u00a0\u00bb26px\u00a0\u00bb button_text_color=\u00a0\u00bb#FFFFFF\u00a0\u00bb button_bg_color=\u00a0\u00bb#772570&Prime; button_border_color=\u00a0\u00bbRGBA(255,255,255,0)\u00a0\u00bb button_border_radius=\u00a0\u00bb13px\u00a0\u00bb button_font=\u00a0\u00bbPoppins|600|||||||\u00a0\u00bb global_colors_info=\u00a0\u00bb{}\u00a0\u00bb][\/et_pb_button][\/et_pb_column][et_pb_column type=\u00a0\u00bb1_3&Prime; _builder_version=\u00a0\u00bb4.17.3&Prime; _module_preset=\u00a0\u00bbdefault\u00a0\u00bb global_colors_info=\u00a0\u00bb{}\u00a0\u00bb][\/et_pb_column][\/et_pb_row][\/et_pb_section][et_pb_section fb_built=\u00a0\u00bb1&Prime; _builder_version=\u00a0\u00bb4.17.3&Prime; _module_preset=\u00a0\u00bbdefault\u00a0\u00bb custom_margin=\u00a0\u00bb||-5px|||\u00a0\u00bb custom_padding=\u00a0\u00bb57px||20px|||\u00a0\u00bb global_colors_info=\u00a0\u00bb%91%93&Prime;][et_pb_row use_custom_gutter=\u00a0\u00bbon\u00a0\u00bb _builder_version=\u00a0\u00bb4.19.4&Prime; _module_preset=\u00a0\u00bbdefault\u00a0\u00bb background_color=\u00a0\u00bb#FFFFFF\u00a0\u00bb positioning=\u00a0\u00bbnone\u00a0\u00bb vertical_offset=\u00a0\u00bb-55px\u00a0\u00bb max_width=\u00a0\u00bb1320px\u00a0\u00bb custom_margin=\u00a0\u00bb1px||||false|false\u00a0\u00bb custom_padding=\u00a0\u00bb0px|11px|13px|20px|false|false\u00a0\u00bb border_style_all=\u00a0\u00bbnone\u00a0\u00bb border_width_top=\u00a0\u00bb5px\u00a0\u00bb border_color_top=\u00a0\u00bb#E09900&Prime; global_colors_info=\u00a0\u00bb{}\u00a0\u00bb][et_pb_column type=\u00a0\u00bb4_4&Prime; _builder_version=\u00a0\u00bb4.17.3&Prime; _module_preset=\u00a0\u00bbdefault\u00a0\u00bb global_colors_info=\u00a0\u00bb{}\u00a0\u00bb][et_pb_text _builder_version=\u00a0\u00bb4.19.4&Prime; _module_preset=\u00a0\u00bba202c26c-e0b3-4699-9283-2a84b7cb445f\u00a0\u00bb text_font=\u00a0\u00bbPoppins||||||||\u00a0\u00bb text_text_color=\u00a0\u00bb#424242&Prime; text_font_size=\u00a0\u00bb18px\u00a0\u00bb text_line_height=\u00a0\u00bb1.4em\u00a0\u00bb link_font=\u00a0\u00bb||||on|||#041d70|\u00a0\u00bb link_text_color=\u00a0\u00bb#050784&Prime; header_text_color=\u00a0\u00bb#052e87&Prime; header_2_font=\u00a0\u00bbPoppins|700|||||||\u00a0\u00bb header_2_text_color=\u00a0\u00bb#052e87&Prime; header_2_font_size=\u00a0\u00bb28px\u00a0\u00bb header_2_line_height=\u00a0\u00bb1.7em\u00a0\u00bb text_orientation=\u00a0\u00bbjustified\u00a0\u00bb custom_margin=\u00a0\u00bb-10px|||||\u00a0\u00bb saved_tabs=\u00a0\u00bball\u00a0\u00bb global_colors_info=\u00a0\u00bb%91%93&Prime;]<\/p>\n<h2>Qu&rsquo;est ce qu&rsquo;une garantie d\u00e9cennale ?<\/h2>\n<p>La garantie d\u00e9cennale couvre les malfa\u00e7ons qui pourraient survenir dans les 10 ans suivant la date de d\u00e9but des travaux. Instaur\u00e9e le 4 janvier 1978, l&rsquo;assurance d\u00e9cennale est \u00e9galement connue sous le nom de Loi Spinetta.<\/p>\n<p>Au sens purement litt\u00e9raire, la d\u00e9cennale signifie \u00ab\u00a0pour 10 ans\u00a0\u00bb. C&rsquo;est une obligation d&rsquo;assurance pour les professionnels du batiment et de la construction qui doivent pendant 10 ans, garantir les dommages mena\u00e7ant la solidit\u00e9 des \u00e9l\u00e9ments de la construction ou les dommages de vices.<\/p>\n<p>Afin de satisfaire au mieux vos clients Afin de vous octroyer une r\u00e9putation exemplaire Il ne faut surtout pas n\u00e9gligez votre contrat d&rsquo;assurance d\u00e9cennale.<\/p>\n<h3>L&rsquo;obligation de d\u00e9cennale<\/h3>\n<p>L&rsquo;assurance d\u00e9cennale est une obligation d&rsquo;assurance de responsabilit\u00e9 pour les acteurs professionnels de la construction (ma\u00e7onnerie, carrelage, peinture, etc.).Vous devez obligatoirement souscrire une garantie d\u00e9cennale si vous \u00eates :<\/p>\n<ul>\n<li>auto-entrepreneur<\/li>\n<li>une EIRL<\/li>\n<li>une micro entreprise<\/li>\n<li>une SARL<\/li>\n<li>une SA<\/li>\n<li>un artisan<\/li>\n<\/ul>\n<h2>La garantie d\u00e9cennale des professionnels<\/h2>\n<p>Souscrire une assurance d\u00e9cennale permet aux professionnels du batiment de garantir au futur propri\u00e9taire la solidit\u00e9 de l&rsquo;ouvrage, l&rsquo;impropri\u00e9t\u00e9 \u00e0 la destination, la solidit\u00e9 des \u00e9l\u00e9ments d&rsquo;\u00e9quipements indissociables ainsi que les effondrements r\u00e9sultant d&rsquo;un vice de construction. C&rsquo;est un gage de confiance de votre savoir-faire.<\/p>\n<p>La garantie d\u00e9cennale est obligatoire pour tous travaux du batiment y compris \u00e0 usage de logement.Une dispense est autoris\u00e9e pour les collectivit\u00e9s locales ainsi que l&rsquo;Etat quand une construction se fait pour leur compte.<\/p>\n<h2>Textes de loi<\/h2>\n<p>La garantie d\u00e9cennale repose sur plusieurs textes de loi (entrant dans la cat\u00e9gorie des lois sur les assurances), dont certaines clauses ont \u00e9t\u00e9 revues et corrig\u00e9es au cours des derni\u00e8res ann\u00e9es.<\/p>\n<h3>Ordonnance du 8 juin 2005 pour la garantie d\u00e9cennale<\/h3>\n<p>Une correction du texte se trouve dans l&rsquo;Ordonnance n\u00b02005-655 du 8 juin 2005 relative au logement et \u00e0 la construction. Pour plus d&rsquo;informations sur ce texte, consultez le site Legifrance. R\u00e8glementation et articles de loi pour les assurances d\u00e9cennales L&rsquo;assurance d\u00e9cennale se plie \u00e0 une r\u00e8glementation stricte reposant sur :<\/p>\n<ul>\n<li>le texte de la loi n\u00b078-12 du 4 janvier 1978, relative \u00e0 l&rsquo;assurance dans le domaine de la construction,<\/li>\n<li>le code civil, \u00e0 patir de l&rsquo;article L. 1792 (et les suivants),<\/li>\n<li>le code de la construction et de l&rsquo;habitation (avec les articles L. 111-12 \u00e0 L 111-22),<\/li>\n<li>le code des assurances (avec les articles L.241-1 \u00e0 L 241-2)<\/li>\n<\/ul>\n<p>La jurisprudence \u00e9tablit qu&rsquo;une garantie d\u00e9cennale doit \u00eatre souscrite en s&rsquo;inspirant des articles du code civil de 1792. L&rsquo;assureur se doit de couvrir l&rsquo;int\u00e9gralit\u00e9 des \u00e9l\u00e9ments et ne peut pas limiter les clauses d&rsquo;indemnit\u00e9s.<\/p>\n<p>[\/et_pb_text][\/et_pb_column][\/et_pb_row][\/et_pb_section]<\/p>\n","protected":false},"excerpt":{"rendered":"<p><nav aria-label=\"breadcrumbs\" class=\"rank-math-breadcrumb\"><p><span class=\"last\">Assurance<\/span><\/p><\/nav>Comparateur assurance d\u00e9cennale Une RC Pro vous garantie dans le cadre de votre activit\u00e9 professionelle des d\u00e9gats que vous pourriez occasioner \u00e0 autrui. La garantie d\u00e9cennale couvre les malfa\u00e7ons qui pourraient survenir dans les 10 ans suivant la date de d\u00e9but des travaux. Qu&rsquo;est ce qu&rsquo;une garantie d\u00e9cennale ? La garantie d\u00e9cennale couvre les malfa\u00e7ons [&hellip;]<\/p>\n","protected":false},"author":1,"featured_media":0,"parent":0,"menu_order":0,"comment_status":"closed","ping_status":"closed","template":"","meta":{"_et_pb_use_builder":"on","_et_pb_old_content":"","_et_gb_content_width":"","inline_featured_image":false,"footnotes":""},"class_list":["post-374","page","type-page","status-publish","hentry"],"amp_enabled":true,"_links":{"self":[{"href":"https:\/\/assurance21.com\/nex\/wp-json\/wp\/v2\/pages\/374","targetHints":{"allow":["GET"]}}],"collection":[{"href":"https:\/\/assurance21.com\/nex\/wp-json\/wp\/v2\/pages"}],"about":[{"href":"https:\/\/assurance21.com\/nex\/wp-json\/wp\/v2\/types\/page"}],"author":[{"embeddable":true,"href":"https:\/\/assurance21.com\/nex\/wp-json\/wp\/v2\/users\/1"}],"replies":[{"embeddable":true,"href":"https:\/\/assurance21.com\/nex\/wp-json\/wp\/v2\/comments?post=374"}],"version-history":[{"count":0,"href":"https:\/\/assurance21.com\/nex\/wp-json\/wp\/v2\/pages\/374\/revisions"}],"wp:attachment":[{"href":"https:\/\/assurance21.com\/nex\/wp-json\/wp\/v2\/media?parent=374"}],"curies":[{"name":"wp","href":"https:\/\/api.w.org\/{rel}","templated":true}]}}