{"id":380,"date":"2023-01-03T03:46:27","date_gmt":"2023-01-03T03:46:27","guid":{"rendered":"https:\/\/www.assurance21.com\/nex\/?page_id=380"},"modified":"2023-01-03T04:52:28","modified_gmt":"2023-01-03T04:52:28","slug":"sante","status":"publish","type":"page","link":"https:\/\/assurance21.com\/nex\/sante\/","title":{"rendered":"sante"},"content":{"rendered":"<p>[et_pb_section fb_built=\u00a0\u00bb1&Prime; _builder_version=\u00a0\u00bb4.19.4&Prime; _module_preset=\u00a0\u00bb51ae0e4d-43c2-40e9-aa74-9dac0030c6a0&Prime; background_color=\u00a0\u00bb#772570&Prime; background_image=\u00a0\u00bbhttps:\/\/assurance21.com\/nex\/nex\/wp-content\/uploads\/2023\/01\/mutuelle-sante.jpg\u00a0\u00bb background_enable_mask_style=\u00a0\u00bbon\u00a0\u00bb background_mask_style=\u00a0\u00bbarch\u00a0\u00bb background_mask_color=\u00a0\u00bb#182d33&Prime; background_mask_aspect_ratio=\u00a0\u00bbsquare\u00a0\u00bb background_mask_size=\u00a0\u00bbcustom\u00a0\u00bb background_mask_width=\u00a0\u00bb100%\u00a0\u00bb background_mask_height=\u00a0\u00bb100%\u00a0\u00bb custom_padding=\u00a0\u00bb24px||141px|||\u00a0\u00bb saved_tabs=\u00a0\u00bball\u00a0\u00bb global_colors_info=\u00a0\u00bb%91%93&Prime;][et_pb_row use_custom_gutter=\u00a0\u00bbon\u00a0\u00bb _builder_version=\u00a0\u00bb4.19.4&Prime; _module_preset=\u00a0\u00bbdefault\u00a0\u00bb width=\u00a0\u00bb100%\u00a0\u00bb max_width=\u00a0\u00bb1320px\u00a0\u00bb custom_padding=\u00a0\u00bb0px||4px|||\u00a0\u00bb global_colors_info=\u00a0\u00bb{}\u00a0\u00bb][et_pb_column type=\u00a0\u00bb4_4&Prime; _builder_version=\u00a0\u00bb4.17.3&Prime; _module_preset=\u00a0\u00bbdefault\u00a0\u00bb global_colors_info=\u00a0\u00bb{}\u00a0\u00bb][et_pb_code _builder_version=\u00a0\u00bb4.19.4&Prime; _module_preset=\u00a0\u00bbdefault\u00a0\u00bb custom_css_main_element=\u00a0\u00bbcolor:#fff;\u00a0\u00bb global_colors_info=\u00a0\u00bb{}\u00a0\u00bb]<nav aria-label=\"breadcrumbs\" class=\"rank-math-breadcrumb\"><p><span class=\"last\">Assurance<\/span><\/p><\/nav>[\/et_pb_code][\/et_pb_column][\/et_pb_row][et_pb_row column_structure=\u00a0\u00bb2_3,1_3&Prime; use_custom_gutter=\u00a0\u00bbon\u00a0\u00bb _builder_version=\u00a0\u00bb4.19.4&Prime; _module_preset=\u00a0\u00bbdefault\u00a0\u00bb max_width=\u00a0\u00bb1320px\u00a0\u00bb custom_padding=\u00a0\u00bb0px||5px|||\u00a0\u00bb global_colors_info=\u00a0\u00bb{}\u00a0\u00bb][et_pb_column type=\u00a0\u00bb2_3&Prime; _builder_version=\u00a0\u00bb4.17.3&Prime; _module_preset=\u00a0\u00bbdefault\u00a0\u00bb global_colors_info=\u00a0\u00bb{}\u00a0\u00bb][et_pb_text _builder_version=\u00a0\u00bb4.19.4&Prime; _module_preset=\u00a0\u00bb476db598-b402-4e78-a61b-34fdfa099f7d\u00a0\u00bb text_font=\u00a0\u00bbPoppins|300|||||||\u00a0\u00bb text_text_color=\u00a0\u00bb#FFFFFF\u00a0\u00bb text_font_size=\u00a0\u00bb17px\u00a0\u00bb text_line_height=\u00a0\u00bb1.9em\u00a0\u00bb link_font=\u00a0\u00bbPoppins|700|||on||||\u00a0\u00bb link_text_color=\u00a0\u00bb#FFFFFF\u00a0\u00bb header_font=\u00a0\u00bbPoppins|700|||||||\u00a0\u00bb header_text_color=\u00a0\u00bb#FFFFFF\u00a0\u00bb header_font_size=\u00a0\u00bb2.5rem\u00a0\u00bb header_line_height=\u00a0\u00bb1.3em\u00a0\u00bb custom_padding=\u00a0\u00bb72px|139px||||\u00a0\u00bb global_colors_info=\u00a0\u00bb%91%93&Prime;]<\/p>\n<h1><span itemprop=\"articleSection\">Comparateur mutuelle sant\u00e9<\/span><\/h1>\n<p><span>Faire confiance \u00e0 Assurance21 c&rsquo;est d\u00e9j\u00e0 un grand pas vers une assurance ad\u00e9quate, simple et surtout qui vous correspond \u00e0 votre famille. Avec un service rapide et efficace, un devis gratuit et sans engagement, et des infos pratiques et larges, Assurance21 sant\u00e9 se positionne comme le simulateur des garanties le plus consult\u00e9 en France<\/span><\/p>\n<p style=\"text-align: justify;\">\n<p>[\/et_pb_text][et_pb_button button_text=\u00a0\u00bbJe compare les offres\u00a0\u00bb _builder_version=\u00a0\u00bb4.19.4&Prime; _module_preset=\u00a0\u00bbdefault\u00a0\u00bb custom_button=\u00a0\u00bbon\u00a0\u00bb button_text_size=\u00a0\u00bb26px\u00a0\u00bb button_text_color=\u00a0\u00bb#FFFFFF\u00a0\u00bb button_bg_color=\u00a0\u00bb#772570&Prime; button_border_color=\u00a0\u00bbRGBA(255,255,255,0)\u00a0\u00bb button_border_radius=\u00a0\u00bb13px\u00a0\u00bb button_font=\u00a0\u00bbPoppins|600|||||||\u00a0\u00bb global_colors_info=\u00a0\u00bb{}\u00a0\u00bb][\/et_pb_button][\/et_pb_column][et_pb_column type=\u00a0\u00bb1_3&Prime; _builder_version=\u00a0\u00bb4.17.3&Prime; _module_preset=\u00a0\u00bbdefault\u00a0\u00bb global_colors_info=\u00a0\u00bb{}\u00a0\u00bb][\/et_pb_column][\/et_pb_row][\/et_pb_section][et_pb_section fb_built=\u00a0\u00bb1&Prime; _builder_version=\u00a0\u00bb4.17.3&Prime; _module_preset=\u00a0\u00bbdefault\u00a0\u00bb custom_margin=\u00a0\u00bb||-1px|||\u00a0\u00bb custom_padding=\u00a0\u00bb33px||2px|||\u00a0\u00bb global_colors_info=\u00a0\u00bb%91%93&Prime;][et_pb_row use_custom_gutter=\u00a0\u00bbon\u00a0\u00bb _builder_version=\u00a0\u00bb4.19.4&Prime; _module_preset=\u00a0\u00bbdefault\u00a0\u00bb background_color=\u00a0\u00bb#FFFFFF\u00a0\u00bb positioning=\u00a0\u00bbnone\u00a0\u00bb vertical_offset=\u00a0\u00bb-55px\u00a0\u00bb max_width=\u00a0\u00bb1320px\u00a0\u00bb custom_margin=\u00a0\u00bb1px||||false|false\u00a0\u00bb custom_padding=\u00a0\u00bb0px|11px|8px|20px|false|false\u00a0\u00bb border_style_all=\u00a0\u00bbnone\u00a0\u00bb border_width_top=\u00a0\u00bb5px\u00a0\u00bb border_color_top=\u00a0\u00bb#E09900&Prime; global_colors_info=\u00a0\u00bb{}\u00a0\u00bb][et_pb_column type=\u00a0\u00bb4_4&Prime; _builder_version=\u00a0\u00bb4.17.3&Prime; _module_preset=\u00a0\u00bbdefault\u00a0\u00bb global_colors_info=\u00a0\u00bb{}\u00a0\u00bb][et_pb_text _builder_version=\u00a0\u00bb4.19.4&Prime; _module_preset=\u00a0\u00bba202c26c-e0b3-4699-9283-2a84b7cb445f\u00a0\u00bb text_font=\u00a0\u00bbPoppins||||||||\u00a0\u00bb text_text_color=\u00a0\u00bb#424242&Prime; text_font_size=\u00a0\u00bb18px\u00a0\u00bb text_line_height=\u00a0\u00bb1.4em\u00a0\u00bb link_font=\u00a0\u00bb||||on|||#041d70|\u00a0\u00bb link_text_color=\u00a0\u00bb#050784&Prime; header_text_color=\u00a0\u00bb#052e87&Prime; header_2_font=\u00a0\u00bbPoppins|700|||||||\u00a0\u00bb header_2_text_color=\u00a0\u00bb#052e87&Prime; header_2_font_size=\u00a0\u00bb28px\u00a0\u00bb header_2_line_height=\u00a0\u00bb1.7em\u00a0\u00bb text_orientation=\u00a0\u00bbjustified\u00a0\u00bb custom_margin=\u00a0\u00bb-10px|||||\u00a0\u00bb hover_enabled=\u00a0\u00bb0&Prime; saved_tabs=\u00a0\u00bball\u00a0\u00bb global_colors_info=\u00a0\u00bb%91%93&Prime; sticky_enabled=\u00a0\u00bb0&Prime;]<\/p>\n<h2>Trouver une bonne mutuelle gr\u00e2ce \u00e0 un comparateur en ligne<\/h2>\n<p>En utilisant cet outil interactif, vous obtenez en quelques clics et en moins de 5 minutes une liste de mutuelles aux tarifs tr\u00e8s attrayants. L\u2019objectif est donc de recenser les mutuelles qui proposent des tarifs bas, des garanties satisfaisantes et des remboursements effectu\u00e9s dans les plus brefs d\u00e9lais.<\/p>\n<h2>Les crit\u00e8res qui d\u00e9terminent le tarif d\u2019une mutuelle<\/h2>\n<p>Un comparateur mutuelles \u00e9tablit la liste des mutuelles int\u00e9ressantes en fonction des informations personnelles et des besoins du demandeur.<\/p>\n<p>Ce dernier pour avoir une offre personnalis\u00e9e devra indiquer son \u00e2ge, ses coordonn\u00e9es, le nombre de personnes qu\u2019il souhaite inscrire \u00e0 la mutuelle, sans oublier la liste des garanties dont il a besoin et le niveau de remboursement souhait\u00e9 afin de d\u00e9terminer le montant exact des cotisations \u00e0 verser aupr\u00e8s de la mutuelle.<\/p>\n<p><strong>Les besoins diff\u00e8rent d\u2019une personne \u00e0 une autre<\/strong>. Par exemple, plus un souscripteur est \u00e2g\u00e9, plus ses d\u00e9penses de sant\u00e9 deviennent importantes. Les tarifs sont donc diff\u00e9rents pour les jeunes, les familles ou les seniors.<\/p>\n<h2><strong>Adapter le tarif en fonction de ses propres besoins de sant\u00e9<\/strong><\/h2>\n<p>Avant de comparer les diff\u00e9rents prix propos\u00e9s par les compl\u00e9mentaires sant\u00e9 sur Internet,<span>\u00a0<\/span><strong>il est essentiel d\u2019\u00e9valuer ses besoins de sant\u00e9 r\u00e9els<\/strong><span>\u00a0<\/span>et de lister les garanties \u00e0 inclure dans la mutuelle.<\/p>\n<p>En tenant compte des moyens financiers dont il dispose, le souscripteur peut d\u00e9sormais affiner les r\u00e9sultats affich\u00e9s par le comparateur de mutuelles en limitant les tarifs sur une fourchette d\u00e9termin\u00e9e.<\/p>\n<p>S\u2019il pr\u00e9cise \u00e0 l\u2019avance la liste des garanties dont il a besoin, il pourra \u00e9galement \u00e9viter de cotiser pour des d\u00e9penses superflues.<\/p>\n<p>A contrario, il pourra aussi fixer le prix qu\u2019il est dispos\u00e9 \u00e0 payer, et le comparateur se charge de recenser les offres y aff\u00e9rentes. Le souscripteur choisira donc la meilleure mutuelle proposant les garanties les plus int\u00e9ressantes.<\/p>\n<h2>L&rsquo;assurance maladie du r\u00e9gime g\u00e9n\u00e9ral de la s\u00e9curit\u00e9 sociale<\/h2>\n<p>L&rsquo;assurance maladie fait partie de la s\u00e9curit\u00e9 sociale et notamment de la branche maladie de la s\u00e9curit\u00e9 sociale. Elle couvre le risque sant\u00e9, c&rsquo;est-\u00e0-dire les d\u00e9penses qui sont engag\u00e9es par les soins et les baisses de revenus qui sont li\u00e9s \u00e0 l&rsquo;impossibilit\u00e9 de travailler .<\/p>\n<p>Ces risques sant\u00e9 sont par exemple, la maternit\u00e9, la maladie, l&rsquo;invalidit\u00e9 et le d\u00e9c\u00e8s. L&rsquo;assurance maladie est un acteur important de la sant\u00e9 publique, c&rsquo;est un maillon cl\u00e9 du syst\u00e8me de sant\u00e9 .<\/p>\n<p>Elle va rembourser les d\u00e9penses de sant\u00e9 de la population, ainsi, elle permet de faciliter l&rsquo;acc\u00e8s aux soins pour tous, et elle aide \u00e0 r\u00e9duire les in\u00e9galit\u00e9s de sant\u00e9 .Exemple notamment lorsqu&rsquo;elle met en place en 2017 la Protection Universelle Maladie. D&rsquo;autre part, elle d\u00e9veloppe une politique de pr\u00e9vention et promotion de la sant\u00e9. Exemple, quand elle incite au d\u00e9pistage li\u00e9 au VIH, ou encore du cancer du sein.<\/p>\n<h3>Acc\u00e8s aux prestations de l&rsquo;assurance maladie<\/h3>\n<p>Il y ce qu&rsquo;on appelle des conditions d&rsquo;ouverture des droits .Soit \u00eatre un salari\u00e9, que l&rsquo;on ait un employeur qui nous a affili\u00e9 \u00e0 une Caisse Primaire<span>\u00a0<\/span><strong>d&rsquo;Assurance Maladie<\/strong><span>\u00a0<\/span>ou \u00eatre un ayant droit, c&rsquo;est-\u00e0-dire toutes les personnes mineures seront ayant droit d&rsquo;un assur\u00e9 social ou encore ,une autre condition pour ouvrir les droits \u00e0 l&rsquo;assurance maladie, celle d&rsquo;\u00eatre sans affiliation.<\/p>\n<p>Depuis 2016 , nous avons la mise en place de la protection universelle maladie qui assure \u00e0 toute personne qui r\u00e9side de mani\u00e8re stable et r\u00e9guli\u00e8re pendant 6 mois sur le territoire fran\u00e7ais et qui a plus de 18 ans , d&rsquo;avoir acc\u00e8s aux prestations de l&rsquo;assurance maladie ,aux prestations uniquement en nature .<\/p>\n<h2>Comment choisir le compl\u00e9ment de la s\u00e9curit\u00e9 sociale ?<\/h2>\n<p>Vos besoins de sant\u00e9 ont \u00e9volu\u00e9 ? Un nouveau venu dans votre famille ? Votre assurance sant\u00e9 n&rsquo;est peut \u00eatre plus adapt\u00e9e. Trouvez en quelques clics la compl\u00e9mentaire sant\u00e9 qui vous correspond le plus, en fonction de vos besoins de remboursements de frais optique, prise en charge de d\u00e9penses dentaires, hospitalisation ou encore remboursement de d\u00e9passements d&rsquo;honoraires.<\/p>\n<h3>Des \u00e9conomies sur vos d\u00e9penses de sant\u00e9<\/h3>\n<p>Vous recherchez une couverture pas cher disposant de taux de remboursements sant\u00e9 \u00e9lev\u00e9s ? Profitez de la libert\u00e9 de comparer les garanties et \u00e9conomisez jusqu&rsquo;\u00e0 6 mois de versements ! N&rsquo;attendez plus, votre demande de devis est gratuite, rapide et sans engagements.<\/p>\n<p>Faire le bon choix en mati\u00e8re de mutuelle sant\u00e9 n&rsquo;est pas ais\u00e9. Comment bien choisir sa mutuelle sant\u00e9 ? Assurance 21 sant\u00e9 vous aide \u00e0 trouver un contrat qui vous correspond vraiment, au travers de nombreux articles couvrant l&rsquo;actualit\u00e9 de l&rsquo;assurance maladie.<\/p>\n<p>Choisir sa mutuelle d\u00e9pend de nombreux param\u00e8tres et besoins, qui \u00e9voluent au cours de la vie, rendant ainsi le choix d&rsquo;une mutuelle d\u00e9licat. L&rsquo;arriv\u00e9e d&rsquo;enfants dans la famille, des besoins m\u00e9dicaux croissants, besoin d&rsquo;une meilleure couverture mutuelle optique ou dentaire, autant de raisons qui nous poussent \u00e0 vouloir r\u00e9ajuster sa mutuelle. Sans parler bien sur de la volont\u00e9 de r\u00e9aliser des \u00e9conomies sur la mensualit\u00e9 de sa mutuelle.<\/p>\n<p>Les mutuelles sant\u00e9 ont subi de nombreux changements au cours de ces derni\u00e8res ann\u00e9es, augmentation des tarifs pour compenser les d\u00e9penses de sant\u00e9 qui ne sont plus financ\u00e9es par votre r\u00e9gime obligatoire, ou modifications l\u00e9gales comme l&rsquo;imposition des mutuelles entreprises. Il devient d\u00e9sormais vital de choisir avec soin sa mutuelle, de comparer les tarifs, les offres et les diff\u00e9rents niveaux de remboursement. Vous payez trop cher votre compl\u00e9mentaire sant\u00e9 ? Vous d\u00e9sirez en changer et adapter vos besoins de prise en charge ?<\/p>\n<h3>Demande plusieurs devis a fin de comparer<\/h3>\n<p>Pour ce faire, assurance 21 met \u00e0 votre disposition un formulaire de demande de devis performant et simple d&rsquo;usage. Afin de trouver la compl\u00e9mentaire sant\u00e9 qui vous correspond le mieux et sans d\u00e9lais de carence, il est important de renseigner les informations les plus pr\u00e9cises possibles, dans un seul but : celui de trouver les garanties qui correspond le plus \u00e0 vos besoins.<\/p>\n<p>Nos partenaires assureurs vous feront ensuite les meilleures propositions contractuelles et tarifaires, et pourront \u00e9galement int\u00e9grer des prestations suppl\u00e9mentaires non comprises dans les options de base comme l&rsquo;hospitalisation seule. Chaque assur\u00e9 pourra ensuite, en toute connaissance de cause, opter pour l&rsquo;offre le plus adapt\u00e9e, en terme de couverture m\u00e9dicale, de prestations et de tarifs. N&rsquo;h\u00e9sitez pas, c&rsquo;est gratuit et sans engagement de votre part !<\/p>\n<h2>Plus que 20 propositions un concept simple et innovant<\/h2>\n<p>avec toute l&rsquo;importance que prend la sant\u00e9 dans la vie de chacun, la simulation ainsi que la comparaison des diff\u00e9rentes offres de mutuelles demeure indispensable de nos jours vu la prolif\u00e9ration des compagnies d&rsquo;assurances et des offres sur le march\u00e9. Faire appel un comparatif s&rsquo;av\u00e8re donc indispensable pour un gain de temps et un gain d&rsquo;argent inestimables.<\/p>\n<p>Le concept d&rsquo;un comparatif en temps real est tr\u00e8s simple. Une palette de propositions est cr\u00e9\u00e9e et propos\u00e9e par des assureurs et courtiers sur internet. A l&rsquo;aide de d&rsquo;un formulaire portant principalement sur vos besoins en mati\u00e8re de sant\u00e9, le vrais comparateur s\u00e9lectionne pour vous la meilleures offre sur le march\u00e9. Ainsi il propose et conseille d&rsquo;une mani\u00e8re subtile l&rsquo;internaute. Lui pr\u00e9sentant l&rsquo;offre la plus adapt\u00e9e \u00e0 ses besoins et \u00e0 ceux de sa famille.<\/p>\n<p>Apr\u00e8s avoir d\u00e9termin\u00e9 vos besoins en mati\u00e8re de couverture m\u00e9dicale, un questionnaire vous est alors propos\u00e9. Le comparateur mutuelles sant\u00e9 calcule alors pour vous les cotisations \u00e0 payer en fonction de vos n\u00e9cessit\u00e9s. Bien choisir sa couverture sant\u00e9 est essentiel. Le site internet n&rsquo;est autre qu&rsquo;une vitrine. Les avantages et les tarifs que la mutuelle met \u00e0 votre disposition sont en effet de plus grande importance.<\/p>\n<p>&nbsp;<\/p>\n<p>[\/et_pb_text][\/et_pb_column][\/et_pb_row][\/et_pb_section]<\/p>\n","protected":false},"excerpt":{"rendered":"<p><nav aria-label=\"breadcrumbs\" class=\"rank-math-breadcrumb\"><p><span class=\"last\">Assurance<\/span><\/p><\/nav>Comparateur mutuelle sant\u00e9 Faire confiance \u00e0 Assurance21 c&rsquo;est d\u00e9j\u00e0 un grand pas vers une assurance ad\u00e9quate, simple et surtout qui vous correspond \u00e0 votre famille. Avec un service rapide et efficace, un devis gratuit et sans engagement, et des infos pratiques et larges, Assurance21 sant\u00e9 se positionne comme le simulateur des garanties le plus consult\u00e9 [&hellip;]<\/p>\n","protected":false},"author":1,"featured_media":0,"parent":0,"menu_order":0,"comment_status":"closed","ping_status":"closed","template":"","meta":{"_et_pb_use_builder":"on","_et_pb_old_content":"","_et_gb_content_width":"","inline_featured_image":false,"footnotes":""},"class_list":["post-380","page","type-page","status-publish","hentry"],"amp_enabled":true,"_links":{"self":[{"href":"https:\/\/assurance21.com\/nex\/wp-json\/wp\/v2\/pages\/380","targetHints":{"allow":["GET"]}}],"collection":[{"href":"https:\/\/assurance21.com\/nex\/wp-json\/wp\/v2\/pages"}],"about":[{"href":"https:\/\/assurance21.com\/nex\/wp-json\/wp\/v2\/types\/page"}],"author":[{"embeddable":true,"href":"https:\/\/assurance21.com\/nex\/wp-json\/wp\/v2\/users\/1"}],"replies":[{"embeddable":true,"href":"https:\/\/assurance21.com\/nex\/wp-json\/wp\/v2\/comments?post=380"}],"version-history":[{"count":0,"href":"https:\/\/assurance21.com\/nex\/wp-json\/wp\/v2\/pages\/380\/revisions"}],"wp:attachment":[{"href":"https:\/\/assurance21.com\/nex\/wp-json\/wp\/v2\/media?parent=380"}],"curies":[{"name":"wp","href":"https:\/\/api.w.org\/{rel}","templated":true}]}}